{"id":9298,"date":"2023-01-02T11:16:08","date_gmt":"2023-01-02T11:16:08","guid":{"rendered":"http:\/\/qa-new.trisura.com\/?page_id=9298"},"modified":"2023-01-23T09:22:01","modified_gmt":"2023-01-23T09:22:01","slug":"accessibilite","status":"publish","type":"page","link":"https:\/\/staging-new.trisura.com\/fr\/accessibilite\/","title":{"rendered":"Accessibilit\u00e9"},"content":{"rendered":"\t\t<div data-elementor-type=\"wp-page\" data-elementor-id=\"9298\" class=\"elementor elementor-9298 elementor-3275\">\n\t\t\t\t\t\t<section class=\"elementor-section elementor-top-section elementor-element elementor-element-2eb6089 elementor-section-boxed elementor-section-height-default elementor-section-height-default\" data-id=\"2eb6089\" data-element_type=\"section\" data-e-type=\"section\">\n\t\t\t\t\t\t<div class=\"elementor-container elementor-column-gap-default\">\n\t\t\t\t\t<div class=\"elementor-column elementor-col-100 elementor-top-column elementor-element elementor-element-f64f0dc\" data-id=\"f64f0dc\" data-element_type=\"column\" data-e-type=\"column\">\n\t\t\t<div class=\"elementor-widget-wrap elementor-element-populated\">\n\t\t\t\t\t\t<div class=\"elementor-element elementor-element-ce46a40 elementor-widget elementor-widget-Legal Content\" data-id=\"ce46a40\" data-element_type=\"widget\" data-e-type=\"widget\" data-widget_type=\"Legal Content.default\">\n\t\t\t\t<div class=\"elementor-widget-container\">\n\t\t\t\t\t\r\n        <div class=\"legal-sec\">\r\n            <div class=\"container\">\r\n                <div class=\"row\">\r\n                    <div class=\"col-12\">\r\n                        <div class=\"first-cont\">\r\n                            <h2>Un service \u00e0 la client\u00e8le accessible\n<br><br>\nQui offre des biens et des services \u00e0 des personnes ayant un handicap<\/h2>\r\n                            <p>Trisura s\u2019engage \u00e0 s\u2019assurer que toutes ses politiques, pratiques et proc\u00e9dures sont conformes \u00e0 nos principes en mati\u00e8re de dignit\u00e9, d\u2019autonomie, d\u2019int\u00e9gration et d\u2019\u00e9galit\u00e9.<\/p>\r\n                        <\/div>\r\n                        <div class=\"legal-details\">\r\n                                                            <h3>Appareils fonctionnels<\/h3>\r\n                                <p>Les personnes handicap\u00e9es peuvent utiliser leurs propres appareils ou accessoires fonctionnels au besoin lorsqu\u2019ils acc\u00e8dent \u00e0 nos biens et services. Trisura veillera \u00e0 s\u2019assurer que nos employ\u00e9s sont familiers avec les appareils et accessoires fonctionnels qui pourraient \u00eatre utilis\u00e9s par des clients avec un handicap au moment d\u2019acc\u00e9der \u00e0 nos biens et services.<\/p>                                                            <h3>Communications<\/h3>\r\n                                <p>Nous communiquerons avec les personnes ayant un handicap en tenant compte du handicap en pr\u00e9senc<\/p>                                                            <h3>Animaux d\u2019assistance et chiens-guides<\/h3>\r\n                                <p>Les personnes ayant un handicap qui sont accompagn\u00e9es d\u2019un animal d\u2019assistance sont les bienvenues chez Trisura. Les animaux d\u2019assistance sont permis dans tous nos locaux qui sont ouverts au public.<\/p>                                                            <h3>Personnes de soutien<\/h3>\r\n                                <p>Une personne ayant un handicap qui est accompagn\u00e9e par une personne de soutien sera autoris\u00e9e \u00e0 p\u00e9n\u00e9trer dans nos locaux en pr\u00e9sence de cette personne. Trisura peut exiger que le client lui donne son consentement pour discuter de renseignements confidentiels en pr\u00e9sence de la personne de soutien.<\/p>                                                            <h3>Avis de perturbation de service<\/h3>\r\n                                <p>Trisura informera rapidement ses clients si elle pr\u00e9voit une interruption de services ou si une interruption de services inattendue survient dans des installations g\u00e9n\u00e9ralement utilis\u00e9es par des personnes handicap\u00e9es. Nous afficherons clairement les raisons de la perturbation, sa dur\u00e9e \u00e9ventuelle et les installations ou services de remplacement offerts, le cas \u00e9ch\u00e9ant.<\/p>                                                            <h3>Formation<\/h3>\r\n                                <p>Trisura fournira une formation \u00e0 ses employ\u00e9s, b\u00e9n\u00e9voles et autres individus qui sont appel\u00e9s \u00e0 interagir avec le public ou tout autre tiers en notre nom. Une formation sera \u00e9galement donn\u00e9e aux employ\u00e9s qui participent \u00e0 l\u2019\u00e9laboration des politiques et des proc\u00e9dures de notre service \u00e0 la client\u00e8le. Elle sera offerte sur une base r\u00e9guli\u00e8re et lorsque des changements sont apport\u00e9s \u00e0 notre politique d\u2019accessibilit\u00e9 en mati\u00e8re de service \u00e0 la client\u00e8le. La formation comprend :<\/p><ul><li>Un aper\u00e7u de la Loi de 2005 sur l\u2019accessibilit\u00e9 pour les personnes handicap\u00e9es de l\u2019Ontario et des exigences des normes d\u2019accessibilit\u00e9 pour le service \u00e0 la client\u00e8le<\/li><li>Le plan de Trisura au niveau des normes d\u2019accessibilit\u00e9 pour le service \u00e0 la client\u00e8le<\/li><li>Comment agir et communiquer avec des personnes en tenant compte de leur handicap<\/li><li>Comment agir avec des personnes handicap\u00e9es qui utilisent des appareils et accessoires fonctionnels ou qui ont besoin d\u2019un chien-guide, d\u2019un animal d\u2019assistance ou d\u2019une personne de soutien<\/li><li>Comment utiliser les appareils et accessoires fonctionnels tels que requis<\/li><li>Que faire si une personne avec un handicap \u00e9prouve de la difficult\u00e9 \u00e0 acc\u00e9der aux biens et services de Trisura ?<\/li><\/ul>                                                            <h3>R\u00e9troaction<\/h3>\r\n                                <p>Les clients qui souhaitent nous faire parvenir leurs commentaires sur la fa\u00e7on dont Trisura offre ses biens et services aux personnes ayant un handicap peuvent communiquer avec le Service des ressources humaines par courriel \u00e0 l\u2019adresse cindy.grant@trisura.com, par t\u00e9l\u00e9phone au 416-607-2160 ou par la poste au 333 rue Bay, bureau 1610, Toronto (Ontario), M5H 2R2. Toute r\u00e9troaction formelle sera adress\u00e9e dans un d\u00e9lai de 14 jours, incluant les actions prises pour rem\u00e9dier \u00e0 la situation.<\/p>                                                            <h3>Modifications \u00e0 la pr\u00e9sente politique ou \u00e0 d'autres politiques<\/h3>\r\n                                <p>Toute politique de Trisura qui ne respecte pas et ne fait pas la promotion de la dignit\u00e9 et de l\u2019ind\u00e9pendance des personnes ayant un handicap sera modifi\u00e9e ou retir\u00e9e.<\/p>                                                    <\/div>\r\n                    <\/div>\r\n                <\/div>\r\n            <\/div>\r\n        <\/div>\r\n\r\n        \t\t\t\t<\/div>\n\t\t\t\t<\/div>\n\t\t\t\t\t<\/div>\n\t\t<\/div>\n\t\t\t\t\t<\/div>\n\t\t<\/section>\n\t\t\t\t<\/div>\n\t\t","protected":false},"excerpt":{"rendered":"<p>Un service \u00e0 la client\u00e8le accessible Qui offre des biens et des services \u00e0 des personnes ayant un handicap Trisura s\u2019engage \u00e0 s\u2019assurer que toutes ses politiques, pratiques et proc\u00e9dures sont conformes \u00e0 nos principes en mati\u00e8re de dignit\u00e9, d\u2019autonomie, d\u2019int\u00e9gration et d\u2019\u00e9galit\u00e9. Appareils fonctionnels Les personnes handicap\u00e9es peuvent utiliser leurs propres appareils ou accessoires &hellip; <a href=\"https:\/\/staging-new.trisura.com\/fr\/accessibilite\/\">Continued<\/a><\/p>\n","protected":false},"author":1,"featured_media":0,"parent":0,"menu_order":0,"comment_status":"closed","ping_status":"closed","template":"","meta":{"footnotes":""},"class_list":["post-9298","page","type-page","status-publish","hentry"],"yoast_head":"<!-- This site is optimized with the Yoast SEO plugin v27.3 - https:\/\/yoast.com\/product\/yoast-seo-wordpress\/ -->\n<title>Accessibilit\u00e9 - Trisura<\/title>\n<meta name=\"robots\" content=\"noindex, follow, max-snippet:-1, max-image-preview:large, max-video-preview:-1\" \/>\n<meta property=\"og:locale\" content=\"en_US\" \/>\n<meta property=\"og:type\" content=\"article\" \/>\n<meta property=\"og:title\" content=\"Accessibilit\u00e9 - Trisura\" \/>\n<meta property=\"og:description\" content=\"Un service \u00e0 la client\u00e8le accessible Qui offre des biens et des services \u00e0 des personnes ayant un handicap Trisura s\u2019engage \u00e0 s\u2019assurer que toutes ses politiques, pratiques et proc\u00e9dures sont conformes \u00e0 nos principes en mati\u00e8re de dignit\u00e9, d\u2019autonomie, d\u2019int\u00e9gration et d\u2019\u00e9galit\u00e9. Appareils fonctionnels Les personnes handicap\u00e9es peuvent utiliser leurs propres appareils ou accessoires &hellip; Continued\" \/>\n<meta property=\"og:url\" content=\"https:\/\/www.new-trisura-staging.ca-central-1.elasticbeanstalk.com\/fr\/accessibilite\/\" \/>\n<meta property=\"og:site_name\" content=\"Trisura\" \/>\n<meta property=\"article:modified_time\" content=\"2023-01-23T09:22:01+00:00\" \/>\n<meta name=\"twitter:card\" content=\"summary_large_image\" \/>\n<script type=\"application\/ld+json\" class=\"yoast-schema-graph\">{\"@context\":\"https:\\\/\\\/schema.org\",\"@graph\":[{\"@type\":\"WebPage\",\"@id\":\"https:\\\/\\\/www.new-trisura-staging.ca-central-1.elasticbeanstalk.com\\\/fr\\\/accessibilite\\\/\",\"url\":\"https:\\\/\\\/www.new-trisura-staging.ca-central-1.elasticbeanstalk.com\\\/fr\\\/accessibilite\\\/\",\"name\":\"Accessibilit\u00e9 - Trisura\",\"isPartOf\":{\"@id\":\"https:\\\/\\\/172.31.4.180\\\/#website\"},\"datePublished\":\"2023-01-02T11:16:08+00:00\",\"dateModified\":\"2023-01-23T09:22:01+00:00\",\"breadcrumb\":{\"@id\":\"https:\\\/\\\/www.new-trisura-staging.ca-central-1.elasticbeanstalk.com\\\/fr\\\/accessibilite\\\/#breadcrumb\"},\"inLanguage\":\"en-US\",\"potentialAction\":[{\"@type\":\"ReadAction\",\"target\":[\"https:\\\/\\\/www.new-trisura-staging.ca-central-1.elasticbeanstalk.com\\\/fr\\\/accessibilite\\\/\"]}]},{\"@type\":\"BreadcrumbList\",\"@id\":\"https:\\\/\\\/www.new-trisura-staging.ca-central-1.elasticbeanstalk.com\\\/fr\\\/accessibilite\\\/#breadcrumb\",\"itemListElement\":[{\"@type\":\"ListItem\",\"position\":1,\"name\":\"Home\",\"item\":\"https:\\\/\\\/staging-new.trisura.com\\\/fr\\\/\"},{\"@type\":\"ListItem\",\"position\":2,\"name\":\"Accessibilit\u00e9\"}]},{\"@type\":\"WebSite\",\"@id\":\"https:\\\/\\\/172.31.4.180\\\/#website\",\"url\":\"https:\\\/\\\/172.31.4.180\\\/\",\"name\":\"Trisura\",\"description\":\"Trisura specialty commercial, general liability insurance company\",\"potentialAction\":[{\"@type\":\"SearchAction\",\"target\":{\"@type\":\"EntryPoint\",\"urlTemplate\":\"https:\\\/\\\/172.31.4.180\\\/?s={search_term_string}\"},\"query-input\":{\"@type\":\"PropertyValueSpecification\",\"valueRequired\":true,\"valueName\":\"search_term_string\"}}],\"inLanguage\":\"en-US\"}]}<\/script>\n<!-- \/ Yoast SEO plugin. -->","yoast_head_json":{"title":"Accessibilit\u00e9 - Trisura","robots":{"index":"noindex","follow":"follow","max-snippet":"max-snippet:-1","max-image-preview":"max-image-preview:large","max-video-preview":"max-video-preview:-1"},"og_locale":"en_US","og_type":"article","og_title":"Accessibilit\u00e9 - Trisura","og_description":"Un service \u00e0 la client\u00e8le accessible Qui offre des biens et des services \u00e0 des personnes ayant un handicap Trisura s\u2019engage \u00e0 s\u2019assurer que toutes ses politiques, pratiques et proc\u00e9dures sont conformes \u00e0 nos principes en mati\u00e8re de dignit\u00e9, d\u2019autonomie, d\u2019int\u00e9gration et d\u2019\u00e9galit\u00e9. Appareils fonctionnels Les personnes handicap\u00e9es peuvent utiliser leurs propres appareils ou accessoires &hellip; Continued","og_url":"https:\/\/www.new-trisura-staging.ca-central-1.elasticbeanstalk.com\/fr\/accessibilite\/","og_site_name":"Trisura","article_modified_time":"2023-01-23T09:22:01+00:00","twitter_card":"summary_large_image","schema":{"@context":"https:\/\/schema.org","@graph":[{"@type":"WebPage","@id":"https:\/\/www.new-trisura-staging.ca-central-1.elasticbeanstalk.com\/fr\/accessibilite\/","url":"https:\/\/www.new-trisura-staging.ca-central-1.elasticbeanstalk.com\/fr\/accessibilite\/","name":"Accessibilit\u00e9 - Trisura","isPartOf":{"@id":"https:\/\/172.31.4.180\/#website"},"datePublished":"2023-01-02T11:16:08+00:00","dateModified":"2023-01-23T09:22:01+00:00","breadcrumb":{"@id":"https:\/\/www.new-trisura-staging.ca-central-1.elasticbeanstalk.com\/fr\/accessibilite\/#breadcrumb"},"inLanguage":"en-US","potentialAction":[{"@type":"ReadAction","target":["https:\/\/www.new-trisura-staging.ca-central-1.elasticbeanstalk.com\/fr\/accessibilite\/"]}]},{"@type":"BreadcrumbList","@id":"https:\/\/www.new-trisura-staging.ca-central-1.elasticbeanstalk.com\/fr\/accessibilite\/#breadcrumb","itemListElement":[{"@type":"ListItem","position":1,"name":"Home","item":"https:\/\/staging-new.trisura.com\/fr\/"},{"@type":"ListItem","position":2,"name":"Accessibilit\u00e9"}]},{"@type":"WebSite","@id":"https:\/\/172.31.4.180\/#website","url":"https:\/\/172.31.4.180\/","name":"Trisura","description":"Trisura specialty commercial, general liability insurance company","potentialAction":[{"@type":"SearchAction","target":{"@type":"EntryPoint","urlTemplate":"https:\/\/172.31.4.180\/?s={search_term_string}"},"query-input":{"@type":"PropertyValueSpecification","valueRequired":true,"valueName":"search_term_string"}}],"inLanguage":"en-US"}]}},"_links":{"self":[{"href":"https:\/\/staging-new.trisura.com\/fr\/wp-json\/wp\/v2\/pages\/9298","targetHints":{"allow":["GET"]}}],"collection":[{"href":"https:\/\/staging-new.trisura.com\/fr\/wp-json\/wp\/v2\/pages"}],"about":[{"href":"https:\/\/staging-new.trisura.com\/fr\/wp-json\/wp\/v2\/types\/page"}],"author":[{"embeddable":true,"href":"https:\/\/staging-new.trisura.com\/fr\/wp-json\/wp\/v2\/users\/1"}],"replies":[{"embeddable":true,"href":"https:\/\/staging-new.trisura.com\/fr\/wp-json\/wp\/v2\/comments?post=9298"}],"version-history":[{"count":4,"href":"https:\/\/staging-new.trisura.com\/fr\/wp-json\/wp\/v2\/pages\/9298\/revisions"}],"predecessor-version":[{"id":9302,"href":"https:\/\/staging-new.trisura.com\/fr\/wp-json\/wp\/v2\/pages\/9298\/revisions\/9302"}],"wp:attachment":[{"href":"https:\/\/staging-new.trisura.com\/fr\/wp-json\/wp\/v2\/media?parent=9298"}],"curies":[{"name":"wp","href":"https:\/\/api.w.org\/{rel}","templated":true}]}}