{"id":9425,"date":"2022-12-26T11:45:48","date_gmt":"2022-12-26T11:45:48","guid":{"rendered":"http:\/\/qa-new.trisura.com\/?page_id=9425"},"modified":"2023-01-23T11:04:29","modified_gmt":"2023-01-23T11:04:29","slug":"connexion-agent","status":"publish","type":"page","link":"https:\/\/staging-new.trisura.com\/fr\/connexion-agent\/","title":{"rendered":"Connexion agent"},"content":{"rendered":"\t\t<div data-elementor-type=\"wp-page\" data-elementor-id=\"9425\" class=\"elementor elementor-9425 elementor-2375\">\n\t\t\t\t\t\t<section class=\"elementor-section elementor-top-section elementor-element elementor-element-b2d88d4 elementor-section-boxed elementor-section-height-default elementor-section-height-default\" data-id=\"b2d88d4\" data-element_type=\"section\" data-e-type=\"section\">\n\t\t\t\t\t\t<div class=\"elementor-container elementor-column-gap-default\">\n\t\t\t\t\t<div class=\"elementor-column elementor-col-100 elementor-top-column elementor-element elementor-element-c48fca1\" data-id=\"c48fca1\" data-element_type=\"column\" data-e-type=\"column\">\n\t\t\t<div class=\"elementor-widget-wrap elementor-element-populated\">\n\t\t\t\t\t\t<div class=\"elementor-element elementor-element-68d8e2a elementor-widget elementor-widget-Broker Compensation\" data-id=\"68d8e2a\" data-element_type=\"widget\" data-e-type=\"widget\" data-widget_type=\"Broker Compensation.default\">\n\t\t\t\t<div class=\"elementor-widget-container\">\n\t\t\t\t\t\r\n        <div class=\"broker-compensation-inner\">\r\n            <div class=\"container\">\r\n                <div class=\"row\">\r\n                    <div class=\"col-12\">\r\n                        <h2>Commissionnement au Courtier<\/h2>\r\n                                                    <div class=\"break-details\">\r\n                                <h3>Solutions d'assurances<\/h3>\r\n                                <ul class=\"ps-0 mb-0\">\r\n                                    <ul><li class=\"border-btm\"><div class=\"d-flex justify-content-between\"><div><p class=\"mb-0\">Classe d\u2019affaire<\/p><\/div><div><p class=\"mb-0\">Commission<\/p><\/div><\/div><\/li><li class=\"border-btm\"><div class=\"d-flex justify-content-between\"><div><p class=\"mb-0\">Responsabilit\u00e9 des administrateurs et des dirigeants<\/p><\/div><div><p class=\"mb-0\">5% \u2013 20%<\/p><\/div><\/div><\/li><li class=\"border-btm\"><div class=\"d-flex justify-content-between\"><div><p class=\"mb-0\">Liaison Criminelle<\/p><\/div><div><p class=\"mb-0\">5% \u2013 20%<\/p><\/div><\/div><\/li><li class=\"border-btm\"><div class=\"d-flex justify-content-between\"><div><p class=\"mb-0\">Responsabilit\u00e9 professionnelle<\/p><\/div><div><p class=\"mb-0\">5% \u2013 20%<\/p><\/div><\/div><\/li><\/ul>                                <\/ul>\r\n                                <div>\r\n                                    <p class=\"mb-0\">**  Dans certains cas sp\u00e9cifiques, la commission pay\u00e9e par Trisura peut varier des montants susmentionn\u00e9s.<\/p>\r\n                                <\/div>\r\n                            <\/div>\r\n                                                    <div class=\"break-details\">\r\n                                <h3>Cautionnements<\/h3>\r\n                                <ul class=\"ps-0 mb-0\">\r\n                                    <ul><li class=\"border-btm\"><div class=\"d-flex justify-content-between\"><div><p class=\"mb-0\">Classe d\u2019affaire<\/p><\/div><div><p class=\"mb-0\">Commission<\/p><\/div><\/div><\/li><li class=\"border-btm\"><div class=\"d-flex justify-content-between\"><div><p class=\"mb-0\">Cautionnement commercial<\/p><\/div><div><p class=\"mb-0\">27.5% et moins<\/p><\/div><\/div><\/li><li class=\"border-btm\"><div class=\"d-flex justify-content-between\"><div><p class=\"mb-0\">Cautionnement de contrat<\/p><\/div><div><p class=\"mb-0\">27.5% et moins<\/p><\/div><\/div><\/li><\/ul>                                <\/ul>\r\n                                <div>\r\n                                    <p class=\"mb-0\"> ** Dans certains cas sp\u00e9cifiques, la commission pay\u00e9e par Trisura peut varier des montants susmentionn\u00e9s.<\/p>\r\n                                <\/div>\r\n                            <\/div>\r\n                                            <\/div>\r\n                <\/div>\r\n            <\/div>\r\n        <\/div>\r\n        \r\n        \t\t\t\t<\/div>\n\t\t\t\t<\/div>\n\t\t\t\t\t<\/div>\n\t\t<\/div>\n\t\t\t\t\t<\/div>\n\t\t<\/section>\n\t\t\t\t<\/div>\n\t\t","protected":false},"excerpt":{"rendered":"<p>Commissionnement au Courtier Solutions d&#8217;assurances Classe d\u2019affaire Commission Responsabilit\u00e9 des administrateurs et des dirigeants 5% \u2013 20% Liaison Criminelle 5% \u2013 20% Responsabilit\u00e9 professionnelle 5% \u2013 20% ** Dans certains cas sp\u00e9cifiques, la commission pay\u00e9e par Trisura peut varier des montants susmentionn\u00e9s. Cautionnements Classe d\u2019affaire Commission Cautionnement commercial 27.5% et moins Cautionnement de contrat 27.5% &hellip; <a href=\"https:\/\/staging-new.trisura.com\/fr\/connexion-agent\/\">Continued<\/a><\/p>\n","protected":false},"author":1,"featured_media":0,"parent":0,"menu_order":0,"comment_status":"closed","ping_status":"closed","template":"","meta":{"footnotes":""},"class_list":["post-9425","page","type-page","status-publish","hentry"],"yoast_head":"<!-- This site is optimized with the Yoast SEO plugin v27.3 - https:\/\/yoast.com\/product\/yoast-seo-wordpress\/ -->\n<title>Connexion agent - Trisura<\/title>\n<meta name=\"robots\" content=\"noindex, follow, max-snippet:-1, max-image-preview:large, max-video-preview:-1\" \/>\n<meta property=\"og:locale\" content=\"en_US\" \/>\n<meta property=\"og:type\" content=\"article\" \/>\n<meta property=\"og:title\" content=\"Connexion agent - Trisura\" \/>\n<meta property=\"og:description\" content=\"Commissionnement au Courtier Solutions d&#8217;assurances Classe d\u2019affaire Commission Responsabilit\u00e9 des administrateurs et des dirigeants 5% \u2013 20% Liaison Criminelle 5% \u2013 20% Responsabilit\u00e9 professionnelle 5% \u2013 20% ** Dans certains cas sp\u00e9cifiques, la commission pay\u00e9e par Trisura peut varier des montants susmentionn\u00e9s. Cautionnements Classe d\u2019affaire Commission Cautionnement commercial 27.5% et moins Cautionnement de contrat 27.5% &hellip; Continued\" \/>\n<meta property=\"og:url\" content=\"https:\/\/staging-new.trisura.com\/fr\/connexion-agent\/\" \/>\n<meta property=\"og:site_name\" content=\"Trisura\" \/>\n<meta property=\"article:modified_time\" content=\"2023-01-23T11:04:29+00:00\" \/>\n<meta name=\"twitter:card\" content=\"summary_large_image\" \/>\n<script type=\"application\/ld+json\" class=\"yoast-schema-graph\">{\"@context\":\"https:\\\/\\\/schema.org\",\"@graph\":[{\"@type\":\"WebPage\",\"@id\":\"https:\\\/\\\/staging-new.trisura.com\\\/fr\\\/connexion-agent\\\/\",\"url\":\"https:\\\/\\\/staging-new.trisura.com\\\/fr\\\/connexion-agent\\\/\",\"name\":\"Connexion agent - Trisura\",\"isPartOf\":{\"@id\":\"https:\\\/\\\/172.31.4.180\\\/#website\"},\"datePublished\":\"2022-12-26T11:45:48+00:00\",\"dateModified\":\"2023-01-23T11:04:29+00:00\",\"breadcrumb\":{\"@id\":\"https:\\\/\\\/staging-new.trisura.com\\\/fr\\\/connexion-agent\\\/#breadcrumb\"},\"inLanguage\":\"en-US\",\"potentialAction\":[{\"@type\":\"ReadAction\",\"target\":[\"https:\\\/\\\/staging-new.trisura.com\\\/fr\\\/connexion-agent\\\/\"]}]},{\"@type\":\"BreadcrumbList\",\"@id\":\"https:\\\/\\\/staging-new.trisura.com\\\/fr\\\/connexion-agent\\\/#breadcrumb\",\"itemListElement\":[{\"@type\":\"ListItem\",\"position\":1,\"name\":\"Home\",\"item\":\"https:\\\/\\\/staging-new.trisura.com\\\/fr\\\/\"},{\"@type\":\"ListItem\",\"position\":2,\"name\":\"Connexion agent\"}]},{\"@type\":\"WebSite\",\"@id\":\"https:\\\/\\\/172.31.4.180\\\/#website\",\"url\":\"https:\\\/\\\/172.31.4.180\\\/\",\"name\":\"Trisura\",\"description\":\"Trisura specialty commercial, general liability insurance company\",\"potentialAction\":[{\"@type\":\"SearchAction\",\"target\":{\"@type\":\"EntryPoint\",\"urlTemplate\":\"https:\\\/\\\/172.31.4.180\\\/?s={search_term_string}\"},\"query-input\":{\"@type\":\"PropertyValueSpecification\",\"valueRequired\":true,\"valueName\":\"search_term_string\"}}],\"inLanguage\":\"en-US\"}]}<\/script>\n<!-- \/ Yoast SEO plugin. -->","yoast_head_json":{"title":"Connexion agent - Trisura","robots":{"index":"noindex","follow":"follow","max-snippet":"max-snippet:-1","max-image-preview":"max-image-preview:large","max-video-preview":"max-video-preview:-1"},"og_locale":"en_US","og_type":"article","og_title":"Connexion agent - Trisura","og_description":"Commissionnement au Courtier Solutions d&#8217;assurances Classe d\u2019affaire Commission Responsabilit\u00e9 des administrateurs et des dirigeants 5% \u2013 20% Liaison Criminelle 5% \u2013 20% Responsabilit\u00e9 professionnelle 5% \u2013 20% ** Dans certains cas sp\u00e9cifiques, la commission pay\u00e9e par Trisura peut varier des montants susmentionn\u00e9s. Cautionnements Classe d\u2019affaire Commission Cautionnement commercial 27.5% et moins Cautionnement de contrat 27.5% &hellip; Continued","og_url":"https:\/\/staging-new.trisura.com\/fr\/connexion-agent\/","og_site_name":"Trisura","article_modified_time":"2023-01-23T11:04:29+00:00","twitter_card":"summary_large_image","schema":{"@context":"https:\/\/schema.org","@graph":[{"@type":"WebPage","@id":"https:\/\/staging-new.trisura.com\/fr\/connexion-agent\/","url":"https:\/\/staging-new.trisura.com\/fr\/connexion-agent\/","name":"Connexion agent - Trisura","isPartOf":{"@id":"https:\/\/172.31.4.180\/#website"},"datePublished":"2022-12-26T11:45:48+00:00","dateModified":"2023-01-23T11:04:29+00:00","breadcrumb":{"@id":"https:\/\/staging-new.trisura.com\/fr\/connexion-agent\/#breadcrumb"},"inLanguage":"en-US","potentialAction":[{"@type":"ReadAction","target":["https:\/\/staging-new.trisura.com\/fr\/connexion-agent\/"]}]},{"@type":"BreadcrumbList","@id":"https:\/\/staging-new.trisura.com\/fr\/connexion-agent\/#breadcrumb","itemListElement":[{"@type":"ListItem","position":1,"name":"Home","item":"https:\/\/staging-new.trisura.com\/fr\/"},{"@type":"ListItem","position":2,"name":"Connexion agent"}]},{"@type":"WebSite","@id":"https:\/\/172.31.4.180\/#website","url":"https:\/\/172.31.4.180\/","name":"Trisura","description":"Trisura specialty commercial, general liability insurance company","potentialAction":[{"@type":"SearchAction","target":{"@type":"EntryPoint","urlTemplate":"https:\/\/172.31.4.180\/?s={search_term_string}"},"query-input":{"@type":"PropertyValueSpecification","valueRequired":true,"valueName":"search_term_string"}}],"inLanguage":"en-US"}]}},"_links":{"self":[{"href":"https:\/\/staging-new.trisura.com\/fr\/wp-json\/wp\/v2\/pages\/9425","targetHints":{"allow":["GET"]}}],"collection":[{"href":"https:\/\/staging-new.trisura.com\/fr\/wp-json\/wp\/v2\/pages"}],"about":[{"href":"https:\/\/staging-new.trisura.com\/fr\/wp-json\/wp\/v2\/types\/page"}],"author":[{"embeddable":true,"href":"https:\/\/staging-new.trisura.com\/fr\/wp-json\/wp\/v2\/users\/1"}],"replies":[{"embeddable":true,"href":"https:\/\/staging-new.trisura.com\/fr\/wp-json\/wp\/v2\/comments?post=9425"}],"version-history":[{"count":7,"href":"https:\/\/staging-new.trisura.com\/fr\/wp-json\/wp\/v2\/pages\/9425\/revisions"}],"predecessor-version":[{"id":9432,"href":"https:\/\/staging-new.trisura.com\/fr\/wp-json\/wp\/v2\/pages\/9425\/revisions\/9432"}],"wp:attachment":[{"href":"https:\/\/staging-new.trisura.com\/fr\/wp-json\/wp\/v2\/media?parent=9425"}],"curies":[{"name":"wp","href":"https:\/\/api.w.org\/{rel}","templated":true}]}}